{"id":287,"date":"2019-10-26T20:42:46","date_gmt":"2019-10-26T20:42:46","guid":{"rendered":"https:\/\/test.fr-entscheid.de\/?page_id=287"},"modified":"2019-11-20T12:16:09","modified_gmt":"2019-11-20T12:16:09","slug":"spenden","status":"publish","type":"page","link":"https:\/\/test.fr-entscheid.de\/index.php\/mitmachen\/spenden\/","title":{"rendered":"Spenden"},"content":{"rendered":"<p>Unterst\u00fctze die Verkehrswende in Freiburg mit deiner Spende. Der gemeinn\u00fctzige Verein <a href=\"https:\/\/bw.vcd.org\/der-vcd-in-bw\/suedbaden\/\">Verkehrsclub Deutschland &#8211; Regionalverband S\u00fcdbaden e.V.<\/a> verwaltet f\u00fcr uns die Spenden an den Fu\u00df- und Radentscheid Freiburg.<\/p>\n<h3>Kontoverbindung:<\/h3>\n<p style=\"text-align: left;\"><strong>VCD Regionalverband S\u00fcdbaden<br \/>\n<\/strong><\/p>\n<p style=\"text-align: left;\"><strong>IBAN: DE64 4306 0967 8022 3609 01<\/strong><\/p>\n<p style=\"text-align: left;\"><strong><span class=\"footer__info-bic\">BIC: GENODEM1GLS <\/span><\/strong><\/p>\n<p style=\"text-align: left;\"><strong>Verwendungszweck: FR-Entscheid<\/strong><\/p>\n<script type=\"text\/javascript\">\n\t(function() {\n\t\tvar u=\"https:\/\/spenden.twingle.de\/embed\/genericorganisation\/genericproject\/tw5dd50bb1d7618\/widget\";\n\t\tvar id = '_' + Math.random().toString(36).substr(2, 9);\n\t\tvar d=document, g=d.createElement('script'), s=d.getElementsByTagName('script')[0];\n\t\tdocument.write('<div id=\"twingle-public-embed-' + id + '\"><\/div>');\n\t\tg.type='text\/javascript'; g.async=true; g.defer=true; g.src=u+'\/'+id; s.parentNode.insertBefore(g,s);\n\t})();\n<\/script>\n","protected":false},"excerpt":{"rendered":"<p>Unterst\u00fctze die Verkehrswende in Freiburg mit deiner Spende. Der gemeinn\u00fctzige Verein Verkehrsclub Deutschland &#8211; Regionalverband S\u00fcdbaden e.V. verwaltet f\u00fcr uns die Spenden an den Fu\u00df- und Radentscheid Freiburg. Kontoverbindung: VCD Regionalverband S\u00fcdbaden IBAN: DE64 4306 0967 8022 3609 01 BIC: GENODEM1GLS Verwendungszweck: FR-Entscheid<\/p>\n","protected":false},"author":2,"featured_media":0,"parent":285,"menu_order":0,"comment_status":"closed","ping_status":"closed","template":"","meta":[],"yoast_head":"<!-- This site is optimized with the Yoast SEO plugin v14.0.2 - https:\/\/yoast.com\/wordpress\/plugins\/seo\/ -->\n<title>Spenden -<\/title>\n<meta name=\"robots\" content=\"index, follow\" \/>\n<meta name=\"googlebot\" content=\"index, follow, max-snippet:-1, max-image-preview:large, max-video-preview:-1\" \/>\n<meta name=\"bingbot\" content=\"index, follow, max-snippet:-1, max-image-preview:large, max-video-preview:-1\" \/>\n<link rel=\"canonical\" href=\"https:\/\/test.fr-entscheid.de\/index.php\/mitmachen\/spenden\/\" \/>\n<meta property=\"og:locale\" content=\"de_DE\" \/>\n<meta property=\"og:type\" content=\"article\" \/>\n<meta property=\"og:title\" content=\"Spenden -\" \/>\n<meta property=\"og:description\" content=\"Unterst\u00fctze die Verkehrswende in Freiburg mit deiner Spende. Der gemeinn\u00fctzige Verein Verkehrsclub Deutschland &#8211; Regionalverband S\u00fcdbaden e.V. verwaltet f\u00fcr uns die Spenden an den Fu\u00df- und Radentscheid Freiburg. Kontoverbindung: VCD Regionalverband S\u00fcdbaden IBAN: DE64 4306 0967 8022 3609 01 BIC: GENODEM1GLS Verwendungszweck: FR-Entscheid\" \/>\n<meta property=\"og:url\" content=\"https:\/\/test.fr-entscheid.de\/index.php\/mitmachen\/spenden\/\" \/>\n<meta property=\"article:modified_time\" content=\"2019-11-20T12:16:09+00:00\" \/>\n<meta name=\"twitter:card\" content=\"summary_large_image\" \/>\n<script type=\"application\/ld+json\" class=\"yoast-schema-graph\">{\"@context\":\"https:\/\/schema.org\",\"@graph\":[{\"@type\":\"WebSite\",\"@id\":\"https:\/\/test.fr-entscheid.de\/#website\",\"url\":\"https:\/\/test.fr-entscheid.de\/\",\"name\":\"\",\"description\":\"\",\"potentialAction\":[{\"@type\":\"SearchAction\",\"target\":\"https:\/\/test.fr-entscheid.de\/?s={search_term_string}\",\"query-input\":\"required name=search_term_string\"}],\"inLanguage\":\"de\"},{\"@type\":\"WebPage\",\"@id\":\"https:\/\/test.fr-entscheid.de\/index.php\/mitmachen\/spenden\/#webpage\",\"url\":\"https:\/\/test.fr-entscheid.de\/index.php\/mitmachen\/spenden\/\",\"name\":\"Spenden -\",\"isPartOf\":{\"@id\":\"https:\/\/test.fr-entscheid.de\/#website\"},\"datePublished\":\"2019-10-26T20:42:46+00:00\",\"dateModified\":\"2019-11-20T12:16:09+00:00\",\"inLanguage\":\"de\",\"potentialAction\":[{\"@type\":\"ReadAction\",\"target\":[\"https:\/\/test.fr-entscheid.de\/index.php\/mitmachen\/spenden\/\"]}]}]}<\/script>\n<!-- \/ Yoast SEO plugin. -->","_links":{"self":[{"href":"https:\/\/test.fr-entscheid.de\/index.php\/wp-json\/wp\/v2\/pages\/287"}],"collection":[{"href":"https:\/\/test.fr-entscheid.de\/index.php\/wp-json\/wp\/v2\/pages"}],"about":[{"href":"https:\/\/test.fr-entscheid.de\/index.php\/wp-json\/wp\/v2\/types\/page"}],"author":[{"embeddable":true,"href":"https:\/\/test.fr-entscheid.de\/index.php\/wp-json\/wp\/v2\/users\/2"}],"replies":[{"embeddable":true,"href":"https:\/\/test.fr-entscheid.de\/index.php\/wp-json\/wp\/v2\/comments?post=287"}],"version-history":[{"count":8,"href":"https:\/\/test.fr-entscheid.de\/index.php\/wp-json\/wp\/v2\/pages\/287\/revisions"}],"predecessor-version":[{"id":418,"href":"https:\/\/test.fr-entscheid.de\/index.php\/wp-json\/wp\/v2\/pages\/287\/revisions\/418"}],"up":[{"embeddable":true,"href":"https:\/\/test.fr-entscheid.de\/index.php\/wp-json\/wp\/v2\/pages\/285"}],"wp:attachment":[{"href":"https:\/\/test.fr-entscheid.de\/index.php\/wp-json\/wp\/v2\/media?parent=287"}],"curies":[{"name":"wp","href":"https:\/\/api.w.org\/{rel}","templated":true}]}}