{"id":285,"date":"2019-10-26T20:42:09","date_gmt":"2019-10-26T20:42:09","guid":{"rendered":"https:\/\/test.fr-entscheid.de\/?page_id=285"},"modified":"2019-11-15T09:28:26","modified_gmt":"2019-11-15T09:28:26","slug":"mitmachen","status":"publish","type":"page","link":"https:\/\/test.fr-entscheid.de\/index.php\/mitmachen\/","title":{"rendered":"Mitmachen"},"content":{"rendered":"<p>Bei unserem Auftakt-Workshop am 19.\/20.10. 2019 haben wir uns zum ersten Mal in gr\u00f6\u00dferer Runde unter anderem mit Vertreter*Innen des Gemeinderats und der Stadtverwaltung getroffen, um unsere Visionen und Ziele zu teilen und die n\u00e4chsten Schritte f\u00fcr die Umsetzung eines B\u00fcrgerbegehrens vorzubereiten.<\/p>\n<p><a href=\"https:\/\/test.fr-entscheid.de\/wp-content\/uploads\/2019\/10\/20191008_Einladung.pdf\"><strong>Einladung zum Workshop 19. \/ 20.10.2019 im Haus des Engagements<\/strong><\/a><\/p>\n<p>F\u00fcr alle, die sich an unseren Aktivit\u00e4ten beteiligen m\u00f6chten: Das n\u00e4chste Treffen findet am 03. Dezember 2019 um 19 Uhr in der Radstation am Hauptbahnhof statt. Um Anmeldung unter <a href=\"mailto:info@fr-entscheid.de\">info@fr-entscheid.de<\/a> wird gebeten.<\/p>\n","protected":false},"excerpt":{"rendered":"<p>Bei unserem Auftakt-Workshop am 19.\/20.10. 2019 haben wir uns zum ersten Mal in gr\u00f6\u00dferer Runde unter anderem mit Vertreter*Innen des Gemeinderats und der Stadtverwaltung getroffen, um unsere Visionen und Ziele zu teilen und die n\u00e4chsten Schritte f\u00fcr die Umsetzung eines B\u00fcrgerbegehrens vorzubereiten. Einladung zum Workshop 19. \/ 20.10.2019 im Haus des Engagements F\u00fcr alle, die [&hellip;]<\/p>\n","protected":false},"author":2,"featured_media":0,"parent":0,"menu_order":0,"comment_status":"closed","ping_status":"closed","template":"","meta":[],"yoast_head":"<!-- This site is optimized with the Yoast SEO plugin v14.0.2 - https:\/\/yoast.com\/wordpress\/plugins\/seo\/ -->\n<title>Mitmachen -<\/title>\n<meta name=\"robots\" content=\"index, follow\" \/>\n<meta name=\"googlebot\" content=\"index, follow, max-snippet:-1, max-image-preview:large, max-video-preview:-1\" \/>\n<meta name=\"bingbot\" content=\"index, follow, max-snippet:-1, max-image-preview:large, max-video-preview:-1\" \/>\n<link rel=\"canonical\" href=\"https:\/\/test.fr-entscheid.de\/index.php\/mitmachen\/\" \/>\n<meta property=\"og:locale\" content=\"de_DE\" \/>\n<meta property=\"og:type\" content=\"article\" \/>\n<meta property=\"og:title\" content=\"Mitmachen -\" \/>\n<meta property=\"og:description\" content=\"Bei unserem Auftakt-Workshop am 19.\/20.10. 2019 haben wir uns zum ersten Mal in gr\u00f6\u00dferer Runde unter anderem mit Vertreter*Innen des Gemeinderats und der Stadtverwaltung getroffen, um unsere Visionen und Ziele zu teilen und die n\u00e4chsten Schritte f\u00fcr die Umsetzung eines B\u00fcrgerbegehrens vorzubereiten. Einladung zum Workshop 19. \/ 20.10.2019 im Haus des Engagements F\u00fcr alle, die [&hellip;]\" \/>\n<meta property=\"og:url\" content=\"https:\/\/test.fr-entscheid.de\/index.php\/mitmachen\/\" \/>\n<meta property=\"article:modified_time\" content=\"2019-11-15T09:28:26+00:00\" \/>\n<meta name=\"twitter:card\" content=\"summary_large_image\" \/>\n<script type=\"application\/ld+json\" class=\"yoast-schema-graph\">{\"@context\":\"https:\/\/schema.org\",\"@graph\":[{\"@type\":\"WebSite\",\"@id\":\"https:\/\/test.fr-entscheid.de\/#website\",\"url\":\"https:\/\/test.fr-entscheid.de\/\",\"name\":\"\",\"description\":\"\",\"potentialAction\":[{\"@type\":\"SearchAction\",\"target\":\"https:\/\/test.fr-entscheid.de\/?s={search_term_string}\",\"query-input\":\"required name=search_term_string\"}],\"inLanguage\":\"de\"},{\"@type\":\"WebPage\",\"@id\":\"https:\/\/test.fr-entscheid.de\/index.php\/mitmachen\/#webpage\",\"url\":\"https:\/\/test.fr-entscheid.de\/index.php\/mitmachen\/\",\"name\":\"Mitmachen -\",\"isPartOf\":{\"@id\":\"https:\/\/test.fr-entscheid.de\/#website\"},\"datePublished\":\"2019-10-26T20:42:09+00:00\",\"dateModified\":\"2019-11-15T09:28:26+00:00\",\"inLanguage\":\"de\",\"potentialAction\":[{\"@type\":\"ReadAction\",\"target\":[\"https:\/\/test.fr-entscheid.de\/index.php\/mitmachen\/\"]}]}]}<\/script>\n<!-- \/ Yoast SEO plugin. -->","_links":{"self":[{"href":"https:\/\/test.fr-entscheid.de\/index.php\/wp-json\/wp\/v2\/pages\/285"}],"collection":[{"href":"https:\/\/test.fr-entscheid.de\/index.php\/wp-json\/wp\/v2\/pages"}],"about":[{"href":"https:\/\/test.fr-entscheid.de\/index.php\/wp-json\/wp\/v2\/types\/page"}],"author":[{"embeddable":true,"href":"https:\/\/test.fr-entscheid.de\/index.php\/wp-json\/wp\/v2\/users\/2"}],"replies":[{"embeddable":true,"href":"https:\/\/test.fr-entscheid.de\/index.php\/wp-json\/wp\/v2\/comments?post=285"}],"version-history":[{"count":7,"href":"https:\/\/test.fr-entscheid.de\/index.php\/wp-json\/wp\/v2\/pages\/285\/revisions"}],"predecessor-version":[{"id":380,"href":"https:\/\/test.fr-entscheid.de\/index.php\/wp-json\/wp\/v2\/pages\/285\/revisions\/380"}],"wp:attachment":[{"href":"https:\/\/test.fr-entscheid.de\/index.php\/wp-json\/wp\/v2\/media?parent=285"}],"curies":[{"name":"wp","href":"https:\/\/api.w.org\/{rel}","templated":true}]}}