{"id":181,"date":"2019-10-05T10:02:41","date_gmt":"2019-10-05T10:02:41","guid":{"rendered":"https:\/\/test.fr-entscheid.de\/?page_id=181"},"modified":"2019-11-16T16:51:45","modified_gmt":"2019-11-16T16:51:45","slug":"impressum-2","status":"publish","type":"page","link":"https:\/\/test.fr-entscheid.de\/index.php\/impressum-2\/","title":{"rendered":"Impressum"},"content":{"rendered":"<p>Verkehrsclub Deutschland, Regionalverband S\u00fcdlicher Oberrhein e. V.<\/p>\n<p>Wentzingerstra\u00dfe 15<br \/>\n79106 Freiburg<br \/>\nTel.: 07 61 \/ 76 99 88 50<br \/>\nFax: 07 61 \/ 76 99 88 51<br \/>\nMail: freiburg[at]vcd.org<br \/>\nInternet: http:\/\/www.vcd.org\/vorort\/suedlicher-oberrhein<\/p>\n<p>Vorstand: J\u00f6rg Dengler (Vorsitz), Holger Steenhoff, Bernhard Meucht, Reinhard Hahn (Schatzmeister)<\/p>\n<p>Amtsgericht Freiburg VR 2018<br \/>\nGesch\u00e4ftsf\u00fchrer: Fabian Kern<br \/>\nGLS Gemeinschaftsbank eG<br \/>\nIBAN: DE91 4306 0967 8022 3609 00<br \/>\nBIC: GENODEM1GLS<\/p>\n<p>Haftungshinweis: Trotz sorgf\u00e4ltiger inhaltlicher Kontrolle \u00fcbernehmen wir keine Haftung f\u00fcr die Inhalte externer Links. F\u00fcr den Inhalt der verlinkten Seiten sind ausschlie\u00dflich deren Betreiber verantwortlich.<\/p>\n<p>Ausf\u00fchrlicher Disclaimer<\/p>\n<p>Gestaltung dieser Internetpr\u00e4senz: Andreas Hege<\/p>\n","protected":false},"excerpt":{"rendered":"<p>Verkehrsclub Deutschland, Regionalverband S\u00fcdlicher Oberrhein e. V. Wentzingerstra\u00dfe 15 79106 Freiburg Tel.: 07 61 \/ 76 99 88 50 Fax: 07 61 \/ 76 99 88 51 Mail: freiburg[at]vcd.org Internet: http:\/\/www.vcd.org\/vorort\/suedlicher-oberrhein Vorstand: J\u00f6rg Dengler (Vorsitz), Holger Steenhoff, Bernhard Meucht, Reinhard Hahn (Schatzmeister) Amtsgericht Freiburg VR 2018 Gesch\u00e4ftsf\u00fchrer: Fabian Kern GLS Gemeinschaftsbank eG IBAN: DE91 4306 [&hellip;]<\/p>\n","protected":false},"author":2,"featured_media":0,"parent":0,"menu_order":0,"comment_status":"closed","ping_status":"closed","template":"","meta":[],"yoast_head":"<!-- This site is optimized with the Yoast SEO plugin v14.0.2 - https:\/\/yoast.com\/wordpress\/plugins\/seo\/ -->\n<title>Impressum -<\/title>\n<meta name=\"robots\" content=\"index, follow\" \/>\n<meta name=\"googlebot\" content=\"index, follow, max-snippet:-1, max-image-preview:large, max-video-preview:-1\" \/>\n<meta name=\"bingbot\" content=\"index, follow, max-snippet:-1, max-image-preview:large, max-video-preview:-1\" \/>\n<link rel=\"canonical\" href=\"https:\/\/test.fr-entscheid.de\/index.php\/impressum-2\/\" \/>\n<meta property=\"og:locale\" content=\"de_DE\" \/>\n<meta property=\"og:type\" content=\"article\" \/>\n<meta property=\"og:title\" content=\"Impressum -\" \/>\n<meta property=\"og:description\" content=\"Verkehrsclub Deutschland, Regionalverband S\u00fcdlicher Oberrhein e. V. Wentzingerstra\u00dfe 15 79106 Freiburg Tel.: 07 61 \/ 76 99 88 50 Fax: 07 61 \/ 76 99 88 51 Mail: freiburg[at]vcd.org Internet: http:\/\/www.vcd.org\/vorort\/suedlicher-oberrhein Vorstand: J\u00f6rg Dengler (Vorsitz), Holger Steenhoff, Bernhard Meucht, Reinhard Hahn (Schatzmeister) Amtsgericht Freiburg VR 2018 Gesch\u00e4ftsf\u00fchrer: Fabian Kern GLS Gemeinschaftsbank eG IBAN: DE91 4306 [&hellip;]\" \/>\n<meta property=\"og:url\" content=\"https:\/\/test.fr-entscheid.de\/index.php\/impressum-2\/\" \/>\n<meta property=\"article:modified_time\" content=\"2019-11-16T16:51:45+00:00\" \/>\n<meta name=\"twitter:card\" content=\"summary_large_image\" \/>\n<script type=\"application\/ld+json\" class=\"yoast-schema-graph\">{\"@context\":\"https:\/\/schema.org\",\"@graph\":[{\"@type\":\"WebSite\",\"@id\":\"https:\/\/test.fr-entscheid.de\/#website\",\"url\":\"https:\/\/test.fr-entscheid.de\/\",\"name\":\"\",\"description\":\"\",\"potentialAction\":[{\"@type\":\"SearchAction\",\"target\":\"https:\/\/test.fr-entscheid.de\/?s={search_term_string}\",\"query-input\":\"required name=search_term_string\"}],\"inLanguage\":\"de\"},{\"@type\":\"WebPage\",\"@id\":\"https:\/\/test.fr-entscheid.de\/index.php\/impressum-2\/#webpage\",\"url\":\"https:\/\/test.fr-entscheid.de\/index.php\/impressum-2\/\",\"name\":\"Impressum -\",\"isPartOf\":{\"@id\":\"https:\/\/test.fr-entscheid.de\/#website\"},\"datePublished\":\"2019-10-05T10:02:41+00:00\",\"dateModified\":\"2019-11-16T16:51:45+00:00\",\"inLanguage\":\"de\",\"potentialAction\":[{\"@type\":\"ReadAction\",\"target\":[\"https:\/\/test.fr-entscheid.de\/index.php\/impressum-2\/\"]}]}]}<\/script>\n<!-- \/ Yoast SEO plugin. -->","_links":{"self":[{"href":"https:\/\/test.fr-entscheid.de\/index.php\/wp-json\/wp\/v2\/pages\/181"}],"collection":[{"href":"https:\/\/test.fr-entscheid.de\/index.php\/wp-json\/wp\/v2\/pages"}],"about":[{"href":"https:\/\/test.fr-entscheid.de\/index.php\/wp-json\/wp\/v2\/types\/page"}],"author":[{"embeddable":true,"href":"https:\/\/test.fr-entscheid.de\/index.php\/wp-json\/wp\/v2\/users\/2"}],"replies":[{"embeddable":true,"href":"https:\/\/test.fr-entscheid.de\/index.php\/wp-json\/wp\/v2\/comments?post=181"}],"version-history":[{"count":3,"href":"https:\/\/test.fr-entscheid.de\/index.php\/wp-json\/wp\/v2\/pages\/181\/revisions"}],"predecessor-version":[{"id":394,"href":"https:\/\/test.fr-entscheid.de\/index.php\/wp-json\/wp\/v2\/pages\/181\/revisions\/394"}],"wp:attachment":[{"href":"https:\/\/test.fr-entscheid.de\/index.php\/wp-json\/wp\/v2\/media?parent=181"}],"curies":[{"name":"wp","href":"https:\/\/api.w.org\/{rel}","templated":true}]}}