{"id":13,"date":"2019-09-26T21:07:52","date_gmt":"2019-09-26T21:07:52","guid":{"rendered":"https:\/\/test.fr-entscheid.de\/?page_id=13"},"modified":"2019-12-02T20:52:11","modified_gmt":"2019-12-02T20:52:11","slug":"startseite","status":"publish","type":"page","link":"https:\/\/test.fr-entscheid.de\/","title":{"rendered":"Startseite"},"content":{"rendered":"<h3><strong>Verkehrswende jetzt!<\/strong><\/h3>\n<p>Die Klimademonstrationen der letzten Monate haben der Politik ihr Versagen in der Verkehrspolitik deutlich aufgezeigt \u2013 nicht nur in Berlin, sondern auch in Freiburg. Denn trotz des gr\u00fcnen Images der Stadt steigen auch hierzulande die CO2-Emissionen des Verkehrssektors seit 2012 stetig an. Und die Zahl der gemeldeten PKW w\u00e4chst schneller als die der Einwohner*innen.<\/p>\n<p>Die Zeit ist deshalb reif f\u00fcr eine Verkehrswende von unten:<br \/>\nZeit f\u00fcr den Fu\u00df- und Radentscheid Freiburg!<\/p>\n<h3><strong>Wir fordern:<\/strong><\/h3>\n<p>Klaren Vorrang f\u00fcr Fu\u00df- &amp; Radverkehr in Freiburg f\u00fcr mehr<\/p>\n<ul>\n<li>Lebensqualit\u00e4t<\/li>\n<li>Klimaschutz<\/li>\n<li>Sicherheit<\/li>\n<li>Fl\u00e4chengerechtigkeit<\/li>\n<\/ul>\n<p>Das wollen wir durch einen B\u00fcrgerentscheid erreichen. Unsere konkreten Forderungen werden gerade von uns und unseren B\u00fcndnispartnern erarbeitet. Ab M\u00e4rz 2020 wird die Kampagne zur Sammlung der Unterschriften gestartet. Im ersten Schritt geht es dabei um ein B\u00fcrgerbegehren, f\u00fcr welches wir rund 12 000 Unterschriften ben\u00f6tigen. Erreichen wir diese, so muss die Stadt Freiburg ihre B\u00fcrger*innen \u00fcber unsere Forderungen in einem B\u00fcrgerentscheid abstimmen lassen &#8211; oder sie \u00fcbernimmt die Forderungen direkt und setzt sie 1:1 um.<\/p>\n<p>Die Forderungen werden sich an unserer <a href=\"https:\/\/test.fr-entscheid.de\/index.php\/unsere-vision\/\">Vision<\/a> einer lebenswerten, klimafreundlichen, sicheren und fl\u00e4chengerechten Stadt orientieren.<\/p>\n","protected":false},"excerpt":{"rendered":"<p>Verkehrswende jetzt! Die Klimademonstrationen der letzten Monate haben der Politik ihr Versagen in der Verkehrspolitik deutlich aufgezeigt \u2013 nicht nur in Berlin, sondern auch in Freiburg. Denn trotz des gr\u00fcnen Images der Stadt steigen auch hierzulande die CO2-Emissionen des Verkehrssektors seit 2012 stetig an. Und die Zahl der gemeldeten PKW w\u00e4chst schneller als die der [&hellip;]<\/p>\n","protected":false},"author":2,"featured_media":0,"parent":0,"menu_order":0,"comment_status":"closed","ping_status":"closed","template":"","meta":[],"yoast_head":"<!-- This site is optimized with the Yoast SEO plugin v14.0.2 - https:\/\/yoast.com\/wordpress\/plugins\/seo\/ -->\n<title>Startseite -<\/title>\n<meta name=\"robots\" content=\"index, follow\" \/>\n<meta name=\"googlebot\" content=\"index, follow, max-snippet:-1, max-image-preview:large, max-video-preview:-1\" \/>\n<meta name=\"bingbot\" content=\"index, follow, max-snippet:-1, max-image-preview:large, max-video-preview:-1\" \/>\n<link rel=\"canonical\" href=\"https:\/\/test.fr-entscheid.de\/\" \/>\n<meta property=\"og:locale\" content=\"de_DE\" \/>\n<meta property=\"og:type\" content=\"article\" \/>\n<meta property=\"og:title\" content=\"Startseite -\" \/>\n<meta property=\"og:description\" content=\"Verkehrswende jetzt! Die Klimademonstrationen der letzten Monate haben der Politik ihr Versagen in der Verkehrspolitik deutlich aufgezeigt \u2013 nicht nur in Berlin, sondern auch in Freiburg. Denn trotz des gr\u00fcnen Images der Stadt steigen auch hierzulande die CO2-Emissionen des Verkehrssektors seit 2012 stetig an. Und die Zahl der gemeldeten PKW w\u00e4chst schneller als die der [&hellip;]\" \/>\n<meta property=\"og:url\" content=\"https:\/\/test.fr-entscheid.de\/\" \/>\n<meta property=\"article:modified_time\" content=\"2019-12-02T20:52:11+00:00\" \/>\n<meta name=\"twitter:card\" content=\"summary_large_image\" \/>\n<script type=\"application\/ld+json\" class=\"yoast-schema-graph\">{\"@context\":\"https:\/\/schema.org\",\"@graph\":[{\"@type\":\"WebSite\",\"@id\":\"https:\/\/test.fr-entscheid.de\/#website\",\"url\":\"https:\/\/test.fr-entscheid.de\/\",\"name\":\"\",\"description\":\"\",\"potentialAction\":[{\"@type\":\"SearchAction\",\"target\":\"https:\/\/test.fr-entscheid.de\/?s={search_term_string}\",\"query-input\":\"required name=search_term_string\"}],\"inLanguage\":\"de\"},{\"@type\":\"WebPage\",\"@id\":\"https:\/\/test.fr-entscheid.de\/#webpage\",\"url\":\"https:\/\/test.fr-entscheid.de\/\",\"name\":\"Startseite -\",\"isPartOf\":{\"@id\":\"https:\/\/test.fr-entscheid.de\/#website\"},\"datePublished\":\"2019-09-26T21:07:52+00:00\",\"dateModified\":\"2019-12-02T20:52:11+00:00\",\"inLanguage\":\"de\",\"potentialAction\":[{\"@type\":\"ReadAction\",\"target\":[\"https:\/\/test.fr-entscheid.de\/\"]}]}]}<\/script>\n<!-- \/ Yoast SEO plugin. -->","_links":{"self":[{"href":"https:\/\/test.fr-entscheid.de\/index.php\/wp-json\/wp\/v2\/pages\/13"}],"collection":[{"href":"https:\/\/test.fr-entscheid.de\/index.php\/wp-json\/wp\/v2\/pages"}],"about":[{"href":"https:\/\/test.fr-entscheid.de\/index.php\/wp-json\/wp\/v2\/types\/page"}],"author":[{"embeddable":true,"href":"https:\/\/test.fr-entscheid.de\/index.php\/wp-json\/wp\/v2\/users\/2"}],"replies":[{"embeddable":true,"href":"https:\/\/test.fr-entscheid.de\/index.php\/wp-json\/wp\/v2\/comments?post=13"}],"version-history":[{"count":28,"href":"https:\/\/test.fr-entscheid.de\/index.php\/wp-json\/wp\/v2\/pages\/13\/revisions"}],"predecessor-version":[{"id":399,"href":"https:\/\/test.fr-entscheid.de\/index.php\/wp-json\/wp\/v2\/pages\/13\/revisions\/399"}],"wp:attachment":[{"href":"https:\/\/test.fr-entscheid.de\/index.php\/wp-json\/wp\/v2\/media?parent=13"}],"curies":[{"name":"wp","href":"https:\/\/api.w.org\/{rel}","templated":true}]}}