{"id":126,"date":"2019-09-28T15:34:59","date_gmt":"2019-09-28T15:34:59","guid":{"rendered":"https:\/\/test.fr-entscheid.de\/?page_id=126"},"modified":"2019-11-19T09:37:50","modified_gmt":"2019-11-19T09:37:50","slug":"unsere-vision","status":"publish","type":"page","link":"https:\/\/test.fr-entscheid.de\/index.php\/unsere-vision\/","title":{"rendered":"Unsere Vision"},"content":{"rendered":"<h3><strong>Unsere Vision<br \/>\n<\/strong><\/h3>\n<h4><strong>Freiburg 2025 &#8211; klarer Vorrang f\u00fcr Fu\u00df- &amp; Radverkehr f\u00fcr mehr:<\/strong><\/h4>\n<p>&nbsp;<\/p>\n<h4><strong># Lebensqualit\u00e4t<\/strong><\/h4>\n<p>Wir leben in einer gesunden und ruhigen Stadt und atmen frische Luft. Das Fahrrad ist das Verkehrsmittel Nummer eins \u2013 egal ob f\u00fcr jung oder alt. Die Menschen in Freiburg f\u00fchlen sich auf den Gehwegen und \u00f6ffentlichen Pl\u00e4tzen wohl, selbst die Stra\u00dfen laden zum Verweilen ein. Wo sich<br \/>\nfr\u00fcher Blechlawinen durch die Stadt w\u00e4lzten, spielen jetzt Kinder; wo fr\u00fcher Parkpl\u00e4tze und Asphaltfl\u00e4chen das Bild dominierten, ist ein urbanes Zusammenleben neuer Qualit\u00e4t entstanden mit mehr Raum f\u00fcr Mensch und Natur.<\/p>\n<p>&nbsp;<\/p>\n<h4><strong># Klimaschutz<\/strong><\/h4>\n<p>Im Stra\u00dfenverkehr ist Freiburg Vorreiter beim Klimaschutz. Nahezu alle Strecken werden zu Fu\u00df, mit dem Rad oder mit \u00f6ffentlichen Verkehrsmitteln zur\u00fcckgelegt. Die verkehrsbedingten CO2-Emissionen in Freiburg sind auf ein Minimum gesunken. Denn die Stadtverwaltung nimmt ihre Verantwortung gegen\u00fcber nachfolgenden Generationen ernst und f\u00f6rdert gezielt und konsequent klimafreundliche Mobilit\u00e4t.<\/p>\n<p>&nbsp;<\/p>\n<h4><strong># Sicherheit<\/strong><\/h4>\n<p>Alle Altersgruppen sind sicher zu Fu\u00df und mit dem Rad unterwegs \u2013 \u00fcberall in Freiburg. Das Recht auf k\u00f6rperliche Unversehrtheit und Gesundheit spiegelt sich in der Verkehrsplanung wider: Die Zahl der Verkehrstoten ist fast auf Null gesunken und der starke Ausbau der Fahrradwege ging nicht zu Lasten des Fu\u00dfverkehrs. Fast alle Kinder kommen mit dem Rad oder zu Fu\u00df in die Schule. Denn ihre Eltern wissen: Das Leben ihrer Liebsten ist in Sicherheit.<\/p>\n<p>&nbsp;<\/p>\n<h4><strong># Fl\u00e4chengerechtigkeit<\/strong><\/h4>\n<p>\u00d6ffentliche Fl\u00e4chen werden vorwiegend solchen Verkehrsmitteln gewidmet, welche der Allgemeinheit n\u00fctzen statt ihr zu schaden. Dadurch sind neue R\u00e4ume entstanden, die vor allem das Leben der Schw\u00e4cheren in der Gesellschaft bereichern: Kinder, Senior*innen und Beeintr\u00e4chtigte. Das \u00f6ffentliche Leben profitiert von der fl\u00e4cheneffizienten, gesunden und umweltschonenden Mobilit\u00e4t und erm\u00f6glicht neue Formen des Zusammenlebens.<\/p>\n","protected":false},"excerpt":{"rendered":"<p>Unsere Vision Freiburg 2025 &#8211; klarer Vorrang f\u00fcr Fu\u00df- &amp; Radverkehr f\u00fcr mehr: &nbsp; # Lebensqualit\u00e4t Wir leben in einer gesunden und ruhigen Stadt und atmen frische Luft. Das Fahrrad ist das Verkehrsmittel Nummer eins \u2013 egal ob f\u00fcr jung oder alt. Die Menschen in Freiburg f\u00fchlen sich auf den Gehwegen und \u00f6ffentlichen Pl\u00e4tzen wohl, [&hellip;]<\/p>\n","protected":false},"author":2,"featured_media":106,"parent":0,"menu_order":0,"comment_status":"closed","ping_status":"closed","template":"","meta":[],"yoast_head":"<!-- This site is optimized with the Yoast SEO plugin v14.0.2 - https:\/\/yoast.com\/wordpress\/plugins\/seo\/ -->\n<title>Unsere Vision -<\/title>\n<meta name=\"robots\" content=\"index, follow\" \/>\n<meta name=\"googlebot\" content=\"index, follow, max-snippet:-1, max-image-preview:large, max-video-preview:-1\" \/>\n<meta name=\"bingbot\" content=\"index, follow, max-snippet:-1, max-image-preview:large, max-video-preview:-1\" \/>\n<link rel=\"canonical\" href=\"https:\/\/test.fr-entscheid.de\/index.php\/unsere-vision\/\" \/>\n<meta property=\"og:locale\" content=\"de_DE\" \/>\n<meta property=\"og:type\" content=\"article\" \/>\n<meta property=\"og:title\" content=\"Unsere Vision -\" \/>\n<meta property=\"og:description\" content=\"Unsere Vision Freiburg 2025 &#8211; klarer Vorrang f\u00fcr Fu\u00df- &amp; Radverkehr f\u00fcr mehr: &nbsp; # Lebensqualit\u00e4t Wir leben in einer gesunden und ruhigen Stadt und atmen frische Luft. Das Fahrrad ist das Verkehrsmittel Nummer eins \u2013 egal ob f\u00fcr jung oder alt. Die Menschen in Freiburg f\u00fchlen sich auf den Gehwegen und \u00f6ffentlichen Pl\u00e4tzen wohl, [&hellip;]\" \/>\n<meta property=\"og:url\" content=\"https:\/\/test.fr-entscheid.de\/index.php\/unsere-vision\/\" \/>\n<meta property=\"article:modified_time\" content=\"2019-11-19T09:37:50+00:00\" \/>\n<meta property=\"og:image\" content=\"https:\/\/test.fr-entscheid.de\/wp-content\/uploads\/2019\/09\/458_1789_1.jpg\" \/>\n\t<meta property=\"og:image:width\" content=\"1767\" \/>\n\t<meta property=\"og:image:height\" content=\"450\" \/>\n<meta name=\"twitter:card\" content=\"summary_large_image\" \/>\n<script type=\"application\/ld+json\" class=\"yoast-schema-graph\">{\"@context\":\"https:\/\/schema.org\",\"@graph\":[{\"@type\":\"WebSite\",\"@id\":\"https:\/\/test.fr-entscheid.de\/#website\",\"url\":\"https:\/\/test.fr-entscheid.de\/\",\"name\":\"\",\"description\":\"\",\"potentialAction\":[{\"@type\":\"SearchAction\",\"target\":\"https:\/\/test.fr-entscheid.de\/?s={search_term_string}\",\"query-input\":\"required name=search_term_string\"}],\"inLanguage\":\"de\"},{\"@type\":\"ImageObject\",\"@id\":\"https:\/\/test.fr-entscheid.de\/index.php\/unsere-vision\/#primaryimage\",\"inLanguage\":\"de\",\"url\":\"https:\/\/test.fr-entscheid.de\/wp-content\/uploads\/2019\/09\/458_1789_1.jpg\",\"width\":1767,\"height\":450},{\"@type\":\"WebPage\",\"@id\":\"https:\/\/test.fr-entscheid.de\/index.php\/unsere-vision\/#webpage\",\"url\":\"https:\/\/test.fr-entscheid.de\/index.php\/unsere-vision\/\",\"name\":\"Unsere Vision -\",\"isPartOf\":{\"@id\":\"https:\/\/test.fr-entscheid.de\/#website\"},\"primaryImageOfPage\":{\"@id\":\"https:\/\/test.fr-entscheid.de\/index.php\/unsere-vision\/#primaryimage\"},\"datePublished\":\"2019-09-28T15:34:59+00:00\",\"dateModified\":\"2019-11-19T09:37:50+00:00\",\"inLanguage\":\"de\",\"potentialAction\":[{\"@type\":\"ReadAction\",\"target\":[\"https:\/\/test.fr-entscheid.de\/index.php\/unsere-vision\/\"]}]}]}<\/script>\n<!-- \/ Yoast SEO plugin. -->","_links":{"self":[{"href":"https:\/\/test.fr-entscheid.de\/index.php\/wp-json\/wp\/v2\/pages\/126"}],"collection":[{"href":"https:\/\/test.fr-entscheid.de\/index.php\/wp-json\/wp\/v2\/pages"}],"about":[{"href":"https:\/\/test.fr-entscheid.de\/index.php\/wp-json\/wp\/v2\/types\/page"}],"author":[{"embeddable":true,"href":"https:\/\/test.fr-entscheid.de\/index.php\/wp-json\/wp\/v2\/users\/2"}],"replies":[{"embeddable":true,"href":"https:\/\/test.fr-entscheid.de\/index.php\/wp-json\/wp\/v2\/comments?post=126"}],"version-history":[{"count":12,"href":"https:\/\/test.fr-entscheid.de\/index.php\/wp-json\/wp\/v2\/pages\/126\/revisions"}],"predecessor-version":[{"id":412,"href":"https:\/\/test.fr-entscheid.de\/index.php\/wp-json\/wp\/v2\/pages\/126\/revisions\/412"}],"wp:featuredmedia":[{"embeddable":true,"href":"https:\/\/test.fr-entscheid.de\/index.php\/wp-json\/wp\/v2\/media\/106"}],"wp:attachment":[{"href":"https:\/\/test.fr-entscheid.de\/index.php\/wp-json\/wp\/v2\/media?parent=126"}],"curies":[{"name":"wp","href":"https:\/\/api.w.org\/{rel}","templated":true}]}}